{"id":79,"date":"2024-10-31T17:19:48","date_gmt":"2024-10-31T17:19:48","guid":{"rendered":"https:\/\/andresroemer.com\/1\/?page_id=79"},"modified":"2025-04-16T10:07:40","modified_gmt":"2025-04-16T10:07:40","slug":"ciudad-de-las-ideas","status":"publish","type":"page","link":"https:\/\/andresroemer.com\/1\/ciudad-de-las-ideas\/","title":{"rendered":"Ciudad de las Ideas"},"content":{"rendered":"\n<p><strong>Ciudad de las Ideas<\/strong><\/p>\n\n\n\n<p>La Ciudad de las Ideas es un Festival Internacional de Mentes Brillantes, el cual celebra la creatividad y la curiosidad del ser humano. #CDIPuebla cuenta con la participaci\u00f3n de m\u00e1s de 60 conferencistas, cient\u00edficos, humanistas y l\u00edderes de opini\u00f3n, quienes exponen apasionantes ideas en la bella ciudad de Puebla, sede del evento. De manera paralela, se presenta un programa art\u00edstico y cultural con cortometrajes, intervenciones y m\u00e1s. <\/p>\n\n\n\n<p>Este proyecto co-fundado con Ricardo Salinas Pliego y Andr\u00e9s Roemer dedicado al debate de ideas, pensamiento cr\u00edtico, exploraci\u00f3n, mente esc\u00e9ptica, desarrollo humano; conformado por los pensadores, arquitectos, dise\u00f1adores, cient\u00edficos, artistas y personalidades-mentes mas brillantes de nuestra contemporaneidad.<\/p>\n\n\n\n<p class=\"has-kubio-color-1-color has-text-color has-link-color wp-elements-b5c05c8475be2741fb4c5c570fe49069\">La Ciudad de las Ideas is an international festival of brilliant minds which is a celebration of human being\u2019s creativity and curiosity. #CDIPuebla has more than 60 speakers, scientists, humanists and opinion leaders who present exciting ideas in the beautiful city of Puebla host of the event. <\/p>\n\n\n\n\n\n\n\n<figure class=\"wp-block-embed is-type-video is-provider-youtube wp-block-embed-youtube wp-embed-aspect-16-9 wp-has-aspect-ratio\"><div class=\"wp-block-embed__wrapper\">\n<iframe loading=\"lazy\" title=\"Videomemoria | La Ciudad de las Ideas 2020: Reboot\" width=\"500\" height=\"281\" src=\"https:\/\/www.youtube.com\/embed\/noaXtQTQymc?feature=oembed\" frameborder=\"0\" allow=\"accelerometer; autoplay; clipboard-write; encrypted-media; gyroscope; picture-in-picture; web-share\" referrerpolicy=\"strict-origin-when-cross-origin\" allowfullscreen><\/iframe>\n<\/div><\/figure>\n\n\n\n<p>Dawkins vs Chopra<\/p>\n\n\n\n<figure class=\"wp-block-embed is-type-video is-provider-youtube wp-block-embed-youtube wp-embed-aspect-16-9 wp-has-aspect-ratio\"><div class=\"wp-block-embed__wrapper\">\n<iframe loading=\"lazy\" title=\"Richard Dawkins &amp; Deepak Chopra (Sub) | El Encuentro del Siglo | CDI 2013 Dangerous Ideas\" width=\"500\" height=\"281\" src=\"https:\/\/www.youtube.com\/embed\/BiwLrxPb1fE?feature=oembed\" frameborder=\"0\" allow=\"accelerometer; autoplay; clipboard-write; encrypted-media; gyroscope; picture-in-picture; web-share\" referrerpolicy=\"strict-origin-when-cross-origin\" allowfullscreen><\/iframe>\n<\/div><figcaption class=\"wp-element-caption\">El debate del siglo\/ate\u00edsmo\/espiritualidad\/universo\/ideas\/Roemer<\/figcaption><\/figure>\n\n\n\n<figure class=\"wp-block-embed is-type-video is-provider-youtube wp-block-embed-youtube wp-embed-aspect-4-3 wp-has-aspect-ratio\"><div class=\"wp-block-embed__wrapper\">\n<iframe loading=\"lazy\" title=\"Debate: Hitchens, Harris, Dennett vs Boteach, D&#039;Souza, Taleb. - CDI 2009\" width=\"500\" height=\"375\" src=\"https:\/\/www.youtube.com\/embed\/1H0VX0vgy44?feature=oembed\" frameborder=\"0\" allow=\"accelerometer; autoplay; clipboard-write; encrypted-media; gyroscope; picture-in-picture; web-share\" referrerpolicy=\"strict-origin-when-cross-origin\" allowfullscreen><\/iframe>\n<\/div><figcaption class=\"wp-element-caption\">Debate de Hitchens, Dawkins, Taleb, Roemer, Botech, Ciudad de las Ideas<\/figcaption><\/figure>\n\n\n\n\n\n<figure class=\"wp-block-image size-large\"><img loading=\"lazy\" decoding=\"async\" width=\"1024\" height=\"514\" src=\"https:\/\/andresroemer.com\/1\/wp-content\/uploads\/2025\/04\/Screenshot-2025-04-16-at-12.48.26-1024x514.png\" alt=\"\" class=\"wp-image-312\" srcset=\"https:\/\/andresroemer.com\/1\/wp-content\/uploads\/2025\/04\/Screenshot-2025-04-16-at-12.48.26-1024x514.png 1024w, https:\/\/andresroemer.com\/1\/wp-content\/uploads\/2025\/04\/Screenshot-2025-04-16-at-12.48.26-300x151.png 300w, https:\/\/andresroemer.com\/1\/wp-content\/uploads\/2025\/04\/Screenshot-2025-04-16-at-12.48.26-768x386.png 768w, https:\/\/andresroemer.com\/1\/wp-content\/uploads\/2025\/04\/Screenshot-2025-04-16-at-12.48.26.png 1390w\" sizes=\"(max-width: 1024px) 100vw, 1024px\" \/><\/figure>\n\n\n\n\n\n<p><\/p>\n","protected":false},"excerpt":{"rendered":"<p>Ciudad de las Ideas La Ciudad de las Ideas es un Festival Internacional de Mentes Brillantes, el cual celebra la creatividad y la curiosidad del ser humano. #CDIPuebla cuenta con la participaci\u00f3n de m\u00e1s de 60 conferencistas, cient\u00edficos, humanistas y l\u00edderes de opini\u00f3n, quienes exponen apasionantes ideas en la bella ciudad de Puebla, sede del [&hellip;]<\/p>\n","protected":false},"author":1,"featured_media":0,"parent":0,"menu_order":0,"comment_status":"closed","ping_status":"closed","template":"","meta":{"saved_in_kubio":true,"footnotes":""},"class_list":["post-79","page","type-page","status-publish","hentry"],"kubio_ai_page_context":{"short_desc":"","purpose":"general"},"_links":{"self":[{"href":"https:\/\/andresroemer.com\/1\/wp-json\/wp\/v2\/pages\/79","targetHints":{"allow":["GET"]}}],"collection":[{"href":"https:\/\/andresroemer.com\/1\/wp-json\/wp\/v2\/pages"}],"about":[{"href":"https:\/\/andresroemer.com\/1\/wp-json\/wp\/v2\/types\/page"}],"author":[{"embeddable":true,"href":"https:\/\/andresroemer.com\/1\/wp-json\/wp\/v2\/users\/1"}],"replies":[{"embeddable":true,"href":"https:\/\/andresroemer.com\/1\/wp-json\/wp\/v2\/comments?post=79"}],"version-history":[{"count":27,"href":"https:\/\/andresroemer.com\/1\/wp-json\/wp\/v2\/pages\/79\/revisions"}],"predecessor-version":[{"id":315,"href":"https:\/\/andresroemer.com\/1\/wp-json\/wp\/v2\/pages\/79\/revisions\/315"}],"wp:attachment":[{"href":"https:\/\/andresroemer.com\/1\/wp-json\/wp\/v2\/media?parent=79"}],"curies":[{"name":"wp","href":"https:\/\/api.w.org\/{rel}","templated":true}]}}